{"id":363,"date":"2016-07-28T23:06:21","date_gmt":"2016-07-28T23:06:21","guid":{"rendered":"http:\/\/themenectar.com\/demo\/salient-app\/?page_id=363"},"modified":"2025-12-30T21:34:56","modified_gmt":"2025-12-31T02:34:56","slug":"faq","status":"publish","type":"page","link":"https:\/\/getfitoapp.com\/de\/faq\/","title":{"rendered":"FAQ"},"content":{"rendered":"<div id=\"fws_69e0721d3ec02\"  data-column-margin=\"default\" data-midnight=\"dark\"  class=\"wpb_row vc_row-fluid vc_row full-width-section\"  style=\"padding-top: 100px; padding-bottom: 100px; \"><div class=\"row-bg-wrap\" data-bg-animation=\"none\" data-bg-animation-delay=\"\" data-bg-overlay=\"false\"><div class=\"inner-wrap row-bg-layer\" ><div class=\"row-bg viewport-desktop using-bg-color\"  style=\"background-color: #f7f7f7; \"><\/div><\/div><\/div><div class=\"row_col_wrap_12 col span_12 dark left\">\n\t<div  class=\"vc_col-sm-12 wpb_column column_container vc_column_container col no-extra-padding inherit_tablet inherit_phone\"  data-padding-pos=\"all\" data-has-bg-color=\"false\" data-bg-color=\"\" data-bg-opacity=\"1\" data-animation=\"\" data-delay=\"0\" >\n\t\t<div class=\"vc_column-inner\" >\n\t\t\t<div class=\"wpb_wrapper\">\n\t\t\t\t\n<div class=\"wpb_text_column wpb_content_element\" >\n\t<div class=\"wpb_wrapper\">\n\t\t<h2>\u00dcber App-Funktionen<\/h2>\n\t<\/div>\n<\/div>\n\n\n\n<div class=\"toggles\" data-br=\"\" data-starting=\"default\" data-style=\"minimal\"><div class=\"toggle default\" data-inner-wrap=\"true\"><h3 class=\"toggle-title\"><a href=\"#\" role=\"button\" class=\"toggle-heading\"><i role=\"presentation\" class=\"fa fa-plus-circle\"><\/i>Warum habe ich meine \u00dcbungen immer wieder aufgezeichnet, aber die Zeitspanne hat sich nicht verl\u00e4ngert?<\/a><\/h3><div><div class=\"inner-toggle-wrap\">\n<div class=\"wpb_text_column wpb_content_element\" >\n\t<div class=\"wpb_wrapper\">\n\t\t<p>Es ist sehr wahrscheinlich, dass die Art der \u00dcbung, die Sie sich als Ziel gesetzt haben, sich von der Art der \u00dcbung unterscheidet, die Sie tats\u00e4chlich aufgezeichnet haben.<\/p>\n\t<\/div>\n<\/div>\n\n\n\n<\/div><\/div><\/div><div class=\"toggle default\" data-inner-wrap=\"true\"><h3 class=\"toggle-title\"><a href=\"#\" role=\"button\" class=\"toggle-heading\"><i role=\"presentation\" class=\"fa fa-plus-circle\"><\/i>Nur iOS-Anmeldung mit Apple ID?<\/a><\/h3><div><div class=\"inner-toggle-wrap\">\n<div class=\"wpb_text_column wpb_content_element\" >\n\t<div class=\"wpb_wrapper\">\n\t\t<p>Jetzt ja. \ud83d\ude2d Die Zukunft wird andere Anmeldemethoden beinhalten.<\/p>\n\t<\/div>\n<\/div>\n\n\n\n<\/div><\/div><\/div><div class=\"toggle default\" data-inner-wrap=\"true\"><h3 class=\"toggle-title\"><a href=\"#\" role=\"button\" class=\"toggle-heading\"><i role=\"presentation\" class=\"fa fa-plus-circle\"><\/i>Android nur mit Google anmelden?<\/a><\/h3><div><div class=\"inner-toggle-wrap\">\n<div class=\"wpb_text_column wpb_content_element\" >\n\t<div class=\"wpb_wrapper\">\n\t\t<p>Jetzt ja. \ud83d\ude2d Die Zukunft wird andere Anmeldemethoden beinhalten.<\/p>\n\t<\/div>\n<\/div>\n\n\n\n<\/div><\/div><\/div><div class=\"toggle default\" data-inner-wrap=\"true\"><h3 class=\"toggle-title\"><a href=\"#\" role=\"button\" class=\"toggle-heading\"><i role=\"presentation\" class=\"fa fa-plus-circle\"><\/i>iOS Widgets werden nicht aktualisiert?<\/a><\/h3><div><div class=\"inner-toggle-wrap\">\n<div class=\"wpb_text_column wpb_content_element\" >\n\t<div class=\"wpb_wrapper\">\n\t\t<p>Bitte best\u00e4tigen:<\/p>\n<div>1. iOS Einstellungen App - Hintergrund App Refresh - Pr\u00fcfen Sie, ob Fito aktiviert ist.<\/div>\n<div>2. Vergewissern Sie sich, dass sich das Ger\u00e4t nicht im Modus f\u00fcr schwache Batterien befindet.<\/div>\n<div><\/div>\n<div>Diese beiden Einstellungen k\u00f6nnen dazu f\u00fchren, dass die Widgets nicht aktualisiert werden.<\/div>\n\t<\/div>\n<\/div>\n\n\n\n<\/div><\/div><\/div><div class=\"toggle default\" data-inner-wrap=\"true\"><h3 class=\"toggle-title\"><a href=\"#\" role=\"button\" class=\"toggle-heading\"><i role=\"presentation\" class=\"fa fa-plus-circle\"><\/i>Die Apple Watch kann Fito's Zifferblatt nicht hinzuf\u00fcgen?<\/a><\/h3><div><div class=\"inner-toggle-wrap\">\n<div class=\"wpb_text_column wpb_content_element\" >\n\t<div class=\"wpb_wrapper\">\n\t\t<p>Zun\u00e4chst m\u00fcssen Sie in der \"Watch\"-App best\u00e4tigen, ob die Fito-Uhr-App installiert wurde.<\/p>\n<p>Wenn Sie es immer noch nicht hinzuf\u00fcgen k\u00f6nnen, k\u00f6nnen Sie versuchen, das komplexe Modul im urspr\u00fcnglichen Zifferblatt manuell in ein Fito-Widget zu \u00e4ndern. Alle Zifferbl\u00e4tter, die das Wort \"Module\" im Namen tragen, sind akzeptabel.<\/p>\n\t<\/div>\n<\/div>\n\n\n\n<\/div><\/div><\/div><div class=\"toggle default\" data-inner-wrap=\"true\"><h3 class=\"toggle-title\"><a href=\"#\" role=\"button\" class=\"toggle-heading\"><i role=\"presentation\" class=\"fa fa-plus-circle\"><\/i>Warum ist die Kalorienzahl f\u00fcr das Training, das ich mit Fito aufgezeichnet habe, so niedrig?<\/a><\/h3><div><div class=\"inner-toggle-wrap\">\n<div class=\"wpb_text_column wpb_content_element\" >\n\t<div class=\"wpb_wrapper\">\n\t\t<div class=\"gs\">\n<div class=\"\">\n<div id=\":pn\" class=\"ii gt adO\">\n<div id=\":pm\" class=\"a3s aiL\">\n<div dir=\"auto\">Wir synchronisieren standardm\u00e4\u00dfig mit Apple Health, und Ihre Gr\u00f6\u00dfen- oder Gewichtsdaten k\u00f6nnten falsch sein. Sie k\u00f6nnen dies in den App-Einstellungen - K\u00f6rperma\u00dfe \u00fcberpr\u00fcfen.<\/div>\n<\/div>\n<\/div>\n<\/div>\n<\/div>\n\t<\/div>\n<\/div>\n\n\n\n<\/div><\/div><\/div><div class=\"toggle default\" data-inner-wrap=\"true\"><h3 class=\"toggle-title\"><a href=\"#\" role=\"button\" class=\"toggle-heading\"><i role=\"presentation\" class=\"fa fa-plus-circle\"><\/i>R\u00fcckmeldung und Anregung<\/a><\/h3><div><div class=\"inner-toggle-wrap\">\n<div class=\"wpb_text_column wpb_content_element\" >\n\t<div class=\"wpb_wrapper\">\n\t\t<p>Bitte senden Sie eine E-Mail an getfitoapp@gmail.com. Wir antworten in der Regel innerhalb eines Tages.<\/p>\n\t<\/div>\n<\/div>\n\n\n\n<\/div><\/div><\/div><\/div>\n\n\n\n\n\n\n\n\n\n\n\n\n\n\n\n\n\n\n\n\n<div class=\"wpb_text_column wpb_content_element  vc_custom_1755078519485\" >\n\t<div class=\"wpb_wrapper\">\n\t\t<h2>\u00dcber das Abonnement<\/h2>\n\t<\/div>\n<\/div>\n\n\n\n<div class=\"toggles\" data-br=\"\" data-starting=\"default\" data-style=\"minimal\"><div class=\"toggle default\" data-inner-wrap=\"true\"><h3 class=\"toggle-title\"><a href=\"#\" role=\"button\" class=\"toggle-heading\"><i role=\"presentation\" class=\"fa fa-plus-circle\"><\/i>Wie erfolgt die Erstattung?<\/a><\/h3><div><div class=\"inner-toggle-wrap\">\n<div class=\"wpb_text_column wpb_content_element\" >\n\t<div class=\"wpb_wrapper\">\n\t\t<p>Sie k\u00f6nnen Ihren Erstattungsantrag an Apple oder Google Pay in der E-Mail mit der Zahlungsrechnung stellen. Wir sind nicht in der Lage, Ihre R\u00fcckerstattung direkt zu bearbeiten.<\/p>\n\t<\/div>\n<\/div>\n\n\n\n<\/div><\/div><\/div><\/div>\n\n\n\n\n\n\n\n\n\n\n\n\n\n\n\n\n\n\n\n\n\t\t\t<\/div> \n\t\t<\/div>\n\t<\/div> \n<\/div><\/div>","protected":false},"excerpt":{"rendered":"\u00dcber App-Funktionen Warum habe ich meine \u00dcbungen immer wieder aufgezeichnet, aber der Streifen hat sich nicht erh\u00f6ht? Es ist sehr wahrscheinlich, dass die Art der \u00dcbung, die Sie sich als Ziel gesetzt haben,...","protected":false},"author":1,"featured_media":0,"parent":0,"menu_order":0,"comment_status":"closed","ping_status":"closed","template":"","meta":{"footnotes":""},"tags":[],"class_list":["post-363","page","type-page","status-publish"],"_links":{"self":[{"href":"https:\/\/getfitoapp.com\/de\/wp-json\/wp\/v2\/pages\/363","targetHints":{"allow":["GET"]}}],"collection":[{"href":"https:\/\/getfitoapp.com\/de\/wp-json\/wp\/v2\/pages"}],"about":[{"href":"https:\/\/getfitoapp.com\/de\/wp-json\/wp\/v2\/types\/page"}],"author":[{"embeddable":true,"href":"https:\/\/getfitoapp.com\/de\/wp-json\/wp\/v2\/users\/1"}],"replies":[{"embeddable":true,"href":"https:\/\/getfitoapp.com\/de\/wp-json\/wp\/v2\/comments?post=363"}],"version-history":[{"count":0,"href":"https:\/\/getfitoapp.com\/de\/wp-json\/wp\/v2\/pages\/363\/revisions"}],"wp:attachment":[{"href":"https:\/\/getfitoapp.com\/de\/wp-json\/wp\/v2\/media?parent=363"}],"wp:term":[{"taxonomy":"post_tag","embeddable":true,"href":"https:\/\/getfitoapp.com\/de\/wp-json\/wp\/v2\/tags?post=363"}],"curies":[{"name":"wp","href":"https:\/\/api.w.org\/{rel}","templated":true}]}}