{"id":363,"date":"2016-07-28T23:06:21","date_gmt":"2016-07-28T23:06:21","guid":{"rendered":"http:\/\/themenectar.com\/demo\/salient-app\/?page_id=363"},"modified":"2025-12-30T21:34:56","modified_gmt":"2025-12-31T02:34:56","slug":"faq","status":"publish","type":"page","link":"https:\/\/getfitoapp.com\/it\/faq\/","title":{"rendered":"FAQ"},"content":{"rendered":"<div id=\"fws_69e0721d8884c\"  data-column-margin=\"default\" data-midnight=\"dark\"  class=\"wpb_row vc_row-fluid vc_row full-width-section\"  style=\"padding-top: 100px; padding-bottom: 100px; \"><div class=\"row-bg-wrap\" data-bg-animation=\"none\" data-bg-animation-delay=\"\" data-bg-overlay=\"false\"><div class=\"inner-wrap row-bg-layer\" ><div class=\"row-bg viewport-desktop using-bg-color\"  style=\"background-color: #f7f7f7; \"><\/div><\/div><\/div><div class=\"row_col_wrap_12 col span_12 dark left\">\n\t<div  class=\"vc_col-sm-12 wpb_column column_container vc_column_container col no-extra-padding inherit_tablet inherit_phone\"  data-padding-pos=\"all\" data-has-bg-color=\"false\" data-bg-color=\"\" data-bg-opacity=\"1\" data-animation=\"\" data-delay=\"0\" >\n\t\t<div class=\"vc_column-inner\" >\n\t\t\t<div class=\"wpb_wrapper\">\n\t\t\t\t\n<div class=\"wpb_text_column wpb_content_element\" >\n\t<div class=\"wpb_wrapper\">\n\t\t<h2>Caratteristiche dell'app<\/h2>\n\t<\/div>\n<\/div>\n\n\n\n<div class=\"toggles\" data-br=\"\" data-starting=\"default\" data-style=\"minimal\"><div class=\"toggle default\" data-inner-wrap=\"true\"><h3 class=\"toggle-title\"><a href=\"#\" role=\"button\" class=\"toggle-heading\"><i role=\"presentation\" class=\"fa fa-plus-circle\"><\/i>Perch\u00e9 ho continuato a registrare il mio esercizio, ma la striscia non \u00e8 aumentata?<\/a><\/h3><div><div class=\"inner-toggle-wrap\">\n<div class=\"wpb_text_column wpb_content_element\" >\n\t<div class=\"wpb_wrapper\">\n\t\t<p>\u00c8 molto probabile che il tipo di esercizio stabilito come obiettivo sia diverso da quello effettivamente registrato.<\/p>\n\t<\/div>\n<\/div>\n\n\n\n<\/div><\/div><\/div><div class=\"toggle default\" data-inner-wrap=\"true\"><h3 class=\"toggle-title\"><a href=\"#\" role=\"button\" class=\"toggle-heading\"><i role=\"presentation\" class=\"fa fa-plus-circle\"><\/i>Accesso solo con iOS con l'ID Apple?<\/a><\/h3><div><div class=\"inner-toggle-wrap\">\n<div class=\"wpb_text_column wpb_content_element\" >\n\t<div class=\"wpb_wrapper\">\n\t\t<p>Ora s\u00ec. \ud83d\ude2d Il futuro includer\u00e0 altri metodi di accesso.<\/p>\n\t<\/div>\n<\/div>\n\n\n\n<\/div><\/div><\/div><div class=\"toggle default\" data-inner-wrap=\"true\"><h3 class=\"toggle-title\"><a href=\"#\" role=\"button\" class=\"toggle-heading\"><i role=\"presentation\" class=\"fa fa-plus-circle\"><\/i>Android effettua il login solo con Google?<\/a><\/h3><div><div class=\"inner-toggle-wrap\">\n<div class=\"wpb_text_column wpb_content_element\" >\n\t<div class=\"wpb_wrapper\">\n\t\t<p>Ora s\u00ec. \ud83d\ude2d Il futuro includer\u00e0 altri metodi di accesso.<\/p>\n\t<\/div>\n<\/div>\n\n\n\n<\/div><\/div><\/div><div class=\"toggle default\" data-inner-wrap=\"true\"><h3 class=\"toggle-title\"><a href=\"#\" role=\"button\" class=\"toggle-heading\"><i role=\"presentation\" class=\"fa fa-plus-circle\"><\/i>I widget di iOS non si aggiornano?<\/a><\/h3><div><div class=\"inner-toggle-wrap\">\n<div class=\"wpb_text_column wpb_content_element\" >\n\t<div class=\"wpb_wrapper\">\n\t\t<p>Si prega di confermare:<\/p>\n<div>1. App Impostazioni iOS - Aggiornamento app in background - Verificare se Fito \u00e8 abilitato.<\/div>\n<div>2. Assicurarsi che non sia in modalit\u00e0 batteria scarica.<\/div>\n<div><\/div>\n<div>Entrambe le impostazioni possono causare il mancato aggiornamento dei widget.<\/div>\n\t<\/div>\n<\/div>\n\n\n\n<\/div><\/div><\/div><div class=\"toggle default\" data-inner-wrap=\"true\"><h3 class=\"toggle-title\"><a href=\"#\" role=\"button\" class=\"toggle-heading\"><i role=\"presentation\" class=\"fa fa-plus-circle\"><\/i>L'Apple Watch non pu\u00f2 aggiungere la watch face di Fito?<\/a><\/h3><div><div class=\"inner-toggle-wrap\">\n<div class=\"wpb_text_column wpb_content_element\" >\n\t<div class=\"wpb_wrapper\">\n\t\t<p>Per prima cosa, \u00e8 necessario confermare nell'app \"Watch\" se l'applicazione Fito's watch \u00e8 stata installata.<\/p>\n<p>Se non si riesce ancora ad aggiungerlo, si pu\u00f2 provare a modificare manualmente il modulo complesso del quadrante originale in un widget Fito. Qualsiasi quadrante con la parola \"moduli\" nel nome \u00e8 accettabile.<\/p>\n\t<\/div>\n<\/div>\n\n\n\n<\/div><\/div><\/div><div class=\"toggle default\" data-inner-wrap=\"true\"><h3 class=\"toggle-title\"><a href=\"#\" role=\"button\" class=\"toggle-heading\"><i role=\"presentation\" class=\"fa fa-plus-circle\"><\/i>Perch\u00e9 le calorie dell'allenamento che ho registrato con Fito sono cos\u00ec basse?<\/a><\/h3><div><div class=\"inner-toggle-wrap\">\n<div class=\"wpb_text_column wpb_content_element\" >\n\t<div class=\"wpb_wrapper\">\n\t\t<div class=\"gs\">\n<div class=\"\">\n<div id=\":pn\" class=\"ii gt adO\">\n<div id=\":pm\" class=\"a3s aiL\">\n<div dir=\"auto\">Per impostazione predefinita, la sincronizzazione avviene con Apple Health e i dati relativi all'altezza o al peso potrebbero essere errati. \u00c8 possibile controllarli in Impostazioni dell'app - Misurazione del corpo.<\/div>\n<\/div>\n<\/div>\n<\/div>\n<\/div>\n\t<\/div>\n<\/div>\n\n\n\n<\/div><\/div><\/div><div class=\"toggle default\" data-inner-wrap=\"true\"><h3 class=\"toggle-title\"><a href=\"#\" role=\"button\" class=\"toggle-heading\"><i role=\"presentation\" class=\"fa fa-plus-circle\"><\/i>Feedback e suggerimenti<\/a><\/h3><div><div class=\"inner-toggle-wrap\">\n<div class=\"wpb_text_column wpb_content_element\" >\n\t<div class=\"wpb_wrapper\">\n\t\t<p>Si prega di inviare un'e-mail a getfitoapp@gmail.com. Di solito rispondiamo entro un giorno.<\/p>\n\t<\/div>\n<\/div>\n\n\n\n<\/div><\/div><\/div><\/div>\n\n\n\n\n\n\n\n\n\n\n\n\n\n\n\n\n\n\n\n\n<div class=\"wpb_text_column wpb_content_element  vc_custom_1755078519485\" >\n\t<div class=\"wpb_wrapper\">\n\t\t<h2>Informazioni sull'abbonamento<\/h2>\n\t<\/div>\n<\/div>\n\n\n\n<div class=\"toggles\" data-br=\"\" data-starting=\"default\" data-style=\"minimal\"><div class=\"toggle default\" data-inner-wrap=\"true\"><h3 class=\"toggle-title\"><a href=\"#\" role=\"button\" class=\"toggle-heading\"><i role=\"presentation\" class=\"fa fa-plus-circle\"><\/i>Come effettuare un rimborso?<\/a><\/h3><div><div class=\"inner-toggle-wrap\">\n<div class=\"wpb_text_column wpb_content_element\" >\n\t<div class=\"wpb_wrapper\">\n\t\t<p>\u00c8 possibile inoltrare la richiesta di rimborso a Apple o Google Pay nell'e-mail della fattura di pagamento. Non siamo in grado di gestire direttamente il rimborso.<\/p>\n\t<\/div>\n<\/div>\n\n\n\n<\/div><\/div><\/div><\/div>\n\n\n\n\n\n\n\n\n\n\n\n\n\n\n\n\n\n\n\n\n\t\t\t<\/div> \n\t\t<\/div>\n\t<\/div> \n<\/div><\/div>","protected":false},"excerpt":{"rendered":"Caratteristiche dell'app Perch\u00e9 ho continuato a registrare il mio esercizio, ma la striscia non \u00e8 aumentata? \u00c8 molto probabile che il tipo di esercizio impostato come obiettivo sia...","protected":false},"author":1,"featured_media":0,"parent":0,"menu_order":0,"comment_status":"closed","ping_status":"closed","template":"","meta":{"footnotes":""},"tags":[],"class_list":["post-363","page","type-page","status-publish"],"_links":{"self":[{"href":"https:\/\/getfitoapp.com\/it\/wp-json\/wp\/v2\/pages\/363","targetHints":{"allow":["GET"]}}],"collection":[{"href":"https:\/\/getfitoapp.com\/it\/wp-json\/wp\/v2\/pages"}],"about":[{"href":"https:\/\/getfitoapp.com\/it\/wp-json\/wp\/v2\/types\/page"}],"author":[{"embeddable":true,"href":"https:\/\/getfitoapp.com\/it\/wp-json\/wp\/v2\/users\/1"}],"replies":[{"embeddable":true,"href":"https:\/\/getfitoapp.com\/it\/wp-json\/wp\/v2\/comments?post=363"}],"version-history":[{"count":0,"href":"https:\/\/getfitoapp.com\/it\/wp-json\/wp\/v2\/pages\/363\/revisions"}],"wp:attachment":[{"href":"https:\/\/getfitoapp.com\/it\/wp-json\/wp\/v2\/media?parent=363"}],"wp:term":[{"taxonomy":"post_tag","embeddable":true,"href":"https:\/\/getfitoapp.com\/it\/wp-json\/wp\/v2\/tags?post=363"}],"curies":[{"name":"wp","href":"https:\/\/api.w.org\/{rel}","templated":true}]}}