{"id":363,"date":"2016-07-28T23:06:21","date_gmt":"2016-07-28T23:06:21","guid":{"rendered":"http:\/\/themenectar.com\/demo\/salient-app\/?page_id=363"},"modified":"2025-12-30T21:34:56","modified_gmt":"2025-12-31T02:34:56","slug":"faq","status":"publish","type":"page","link":"https:\/\/getfitoapp.com\/pt\/faq\/","title":{"rendered":"FAQ"},"content":{"rendered":"<div id=\"fws_69e06ee933e37\"  data-column-margin=\"default\" data-midnight=\"dark\"  class=\"wpb_row vc_row-fluid vc_row full-width-section\"  style=\"padding-top: 100px; padding-bottom: 100px; \"><div class=\"row-bg-wrap\" data-bg-animation=\"none\" data-bg-animation-delay=\"\" data-bg-overlay=\"false\"><div class=\"inner-wrap row-bg-layer\" ><div class=\"row-bg viewport-desktop using-bg-color\"  style=\"background-color: #f7f7f7; \"><\/div><\/div><\/div><div class=\"row_col_wrap_12 col span_12 dark left\">\n\t<div  class=\"vc_col-sm-12 wpb_column column_container vc_column_container col no-extra-padding inherit_tablet inherit_phone\"  data-padding-pos=\"all\" data-has-bg-color=\"false\" data-bg-color=\"\" data-bg-opacity=\"1\" data-animation=\"\" data-delay=\"0\" >\n\t\t<div class=\"vc_column-inner\" >\n\t\t\t<div class=\"wpb_wrapper\">\n\t\t\t\t\n<div class=\"wpb_text_column wpb_content_element\" >\n\t<div class=\"wpb_wrapper\">\n\t\t<h2>Acerca das funcionalidades da aplica\u00e7\u00e3o<\/h2>\n\t<\/div>\n<\/div>\n\n\n\n<div class=\"toggles\" data-br=\"\" data-starting=\"default\" data-style=\"minimal\"><div class=\"toggle default\" data-inner-wrap=\"true\"><h3 class=\"toggle-title\"><a href=\"#\" role=\"button\" class=\"toggle-heading\"><i role=\"presentation\" class=\"fa fa-plus-circle\"><\/i>Por que raz\u00e3o continuei a registar o meu exerc\u00edcio, mas a s\u00e9rie n\u00e3o aumentou?<\/a><\/h3><div><div class=\"inner-toggle-wrap\">\n<div class=\"wpb_text_column wpb_content_element\" >\n\t<div class=\"wpb_wrapper\">\n\t\t<p>\u00c9 muito prov\u00e1vel que o tipo de exerc\u00edcio que definiu como objetivo seja diferente do tipo de exerc\u00edcio que realmente registou.<\/p>\n\t<\/div>\n<\/div>\n\n\n\n<\/div><\/div><\/div><div class=\"toggle default\" data-inner-wrap=\"true\"><h3 class=\"toggle-title\"><a href=\"#\" role=\"button\" class=\"toggle-heading\"><i role=\"presentation\" class=\"fa fa-plus-circle\"><\/i>Iniciar sess\u00e3o no iOS apenas com o ID Apple?<\/a><\/h3><div><div class=\"inner-toggle-wrap\">\n<div class=\"wpb_text_column wpb_content_element\" >\n\t<div class=\"wpb_wrapper\">\n\t\t<p>Agora sim. O futuro incluir\u00e1 outros m\u00e9todos de in\u00edcio de sess\u00e3o.<\/p>\n\t<\/div>\n<\/div>\n\n\n\n<\/div><\/div><\/div><div class=\"toggle default\" data-inner-wrap=\"true\"><h3 class=\"toggle-title\"><a href=\"#\" role=\"button\" class=\"toggle-heading\"><i role=\"presentation\" class=\"fa fa-plus-circle\"><\/i>Iniciar sess\u00e3o no Android apenas com o Google?<\/a><\/h3><div><div class=\"inner-toggle-wrap\">\n<div class=\"wpb_text_column wpb_content_element\" >\n\t<div class=\"wpb_wrapper\">\n\t\t<p>Agora sim. O futuro incluir\u00e1 outros m\u00e9todos de in\u00edcio de sess\u00e3o.<\/p>\n\t<\/div>\n<\/div>\n\n\n\n<\/div><\/div><\/div><div class=\"toggle default\" data-inner-wrap=\"true\"><h3 class=\"toggle-title\"><a href=\"#\" role=\"button\" class=\"toggle-heading\"><i role=\"presentation\" class=\"fa fa-plus-circle\"><\/i>Os widgets do iOS n\u00e3o s\u00e3o actualizados?<\/a><\/h3><div><div class=\"inner-toggle-wrap\">\n<div class=\"wpb_text_column wpb_content_element\" >\n\t<div class=\"wpb_wrapper\">\n\t\t<p>Por favor, confirme:<\/p>\n<div>1. iOS Settings App - Background App Refresh - Verifique se o Fito est\u00e1 ativado.<\/div>\n<div>2. Certifique-se de que n\u00e3o est\u00e1 no modo de bateria fraca.<\/div>\n<div><\/div>\n<div>Ambas as defini\u00e7\u00f5es podem fazer com que os widgets n\u00e3o sejam actualizados.<\/div>\n\t<\/div>\n<\/div>\n\n\n\n<\/div><\/div><\/div><div class=\"toggle default\" data-inner-wrap=\"true\"><h3 class=\"toggle-title\"><a href=\"#\" role=\"button\" class=\"toggle-heading\"><i role=\"presentation\" class=\"fa fa-plus-circle\"><\/i>O Apple Watch n\u00e3o consegue adicionar o mostrador do rel\u00f3gio da Fito?<\/a><\/h3><div><div class=\"inner-toggle-wrap\">\n<div class=\"wpb_text_column wpb_content_element\" >\n\t<div class=\"wpb_wrapper\">\n\t\t<p>Em primeiro lugar, \u00e9 necess\u00e1rio confirmar na aplica\u00e7\u00e3o \"Rel\u00f3gio\" se a aplica\u00e7\u00e3o do rel\u00f3gio Fito foi instalada.<\/p>\n<p>Se mesmo assim n\u00e3o conseguir adicion\u00e1-lo, pode tentar modificar manualmente o m\u00f3dulo complexo no mostrador do rel\u00f3gio original para um widget Fito. Qualquer mostrador do rel\u00f3gio com a palavra \"m\u00f3dulos\" no nome \u00e9 aceit\u00e1vel.<\/p>\n\t<\/div>\n<\/div>\n\n\n\n<\/div><\/div><\/div><div class=\"toggle default\" data-inner-wrap=\"true\"><h3 class=\"toggle-title\"><a href=\"#\" role=\"button\" class=\"toggle-heading\"><i role=\"presentation\" class=\"fa fa-plus-circle\"><\/i>Porque \u00e9 que as calorias do exerc\u00edcio que gravei com a Fito s\u00e3o t\u00e3o baixas?<\/a><\/h3><div><div class=\"inner-toggle-wrap\">\n<div class=\"wpb_text_column wpb_content_element\" >\n\t<div class=\"wpb_wrapper\">\n\t\t<div class=\"gs\">\n<div class=\"\">\n<div id=\":pn\" class=\"ii gt adO\">\n<div id=\":pm\" class=\"a3s aiL\">\n<div dir=\"auto\">Por predefini\u00e7\u00e3o, sincronizamos com o Apple Health, pelo que os seus dados de altura ou peso podem estar incorrectos. Pode verific\u00e1-los nas Defini\u00e7\u00f5es da aplica\u00e7\u00e3o - Medi\u00e7\u00e3o corporal.<\/div>\n<\/div>\n<\/div>\n<\/div>\n<\/div>\n\t<\/div>\n<\/div>\n\n\n\n<\/div><\/div><\/div><div class=\"toggle default\" data-inner-wrap=\"true\"><h3 class=\"toggle-title\"><a href=\"#\" role=\"button\" class=\"toggle-heading\"><i role=\"presentation\" class=\"fa fa-plus-circle\"><\/i>Feedback e sugest\u00f5es<\/a><\/h3><div><div class=\"inner-toggle-wrap\">\n<div class=\"wpb_text_column wpb_content_element\" >\n\t<div class=\"wpb_wrapper\">\n\t\t<p>Envie uma mensagem de correio eletr\u00f3nico para getfitoapp@gmail.com. Normalmente, respondemos no prazo de um dia.<\/p>\n\t<\/div>\n<\/div>\n\n\n\n<\/div><\/div><\/div><\/div>\n\n\n\n\n\n\n\n\n\n\n\n\n\n\n\n\n\n\n\n\n<div class=\"wpb_text_column wpb_content_element  vc_custom_1755078519485\" >\n\t<div class=\"wpb_wrapper\">\n\t\t<h2>Sobre a subscri\u00e7\u00e3o<\/h2>\n\t<\/div>\n<\/div>\n\n\n\n<div class=\"toggles\" data-br=\"\" data-starting=\"default\" data-style=\"minimal\"><div class=\"toggle default\" data-inner-wrap=\"true\"><h3 class=\"toggle-title\"><a href=\"#\" role=\"button\" class=\"toggle-heading\"><i role=\"presentation\" class=\"fa fa-plus-circle\"><\/i>Como efetuar um reembolso?<\/a><\/h3><div><div class=\"inner-toggle-wrap\">\n<div class=\"wpb_text_column wpb_content_element\" >\n\t<div class=\"wpb_wrapper\">\n\t\t<p>Pode apresentar o seu pedido de reembolso \u00e0 Apple ou ao Google Pay no e-mail da fatura de pagamento. N\u00e3o nos \u00e9 poss\u00edvel tratar diretamente do seu reembolso.<\/p>\n\t<\/div>\n<\/div>\n\n\n\n<\/div><\/div><\/div><\/div>\n\n\n\n\n\n\n\n\n\n\n\n\n\n\n\n\n\n\n\n\n\t\t\t<\/div> \n\t\t<\/div>\n\t<\/div> \n<\/div><\/div>","protected":false},"excerpt":{"rendered":"Acerca das funcionalidades da aplica\u00e7\u00e3o Porque \u00e9 que continuei a registar o meu exerc\u00edcio, mas a s\u00e9rie n\u00e3o aumentou? \u00c9 muito prov\u00e1vel que o tipo de exerc\u00edcio que definiu como objetivo seja...","protected":false},"author":1,"featured_media":0,"parent":0,"menu_order":0,"comment_status":"closed","ping_status":"closed","template":"","meta":{"footnotes":""},"tags":[],"class_list":["post-363","page","type-page","status-publish"],"_links":{"self":[{"href":"https:\/\/getfitoapp.com\/pt\/wp-json\/wp\/v2\/pages\/363","targetHints":{"allow":["GET"]}}],"collection":[{"href":"https:\/\/getfitoapp.com\/pt\/wp-json\/wp\/v2\/pages"}],"about":[{"href":"https:\/\/getfitoapp.com\/pt\/wp-json\/wp\/v2\/types\/page"}],"author":[{"embeddable":true,"href":"https:\/\/getfitoapp.com\/pt\/wp-json\/wp\/v2\/users\/1"}],"replies":[{"embeddable":true,"href":"https:\/\/getfitoapp.com\/pt\/wp-json\/wp\/v2\/comments?post=363"}],"version-history":[{"count":0,"href":"https:\/\/getfitoapp.com\/pt\/wp-json\/wp\/v2\/pages\/363\/revisions"}],"wp:attachment":[{"href":"https:\/\/getfitoapp.com\/pt\/wp-json\/wp\/v2\/media?parent=363"}],"wp:term":[{"taxonomy":"post_tag","embeddable":true,"href":"https:\/\/getfitoapp.com\/pt\/wp-json\/wp\/v2\/tags?post=363"}],"curies":[{"name":"wp","href":"https:\/\/api.w.org\/{rel}","templated":true}]}}